{"id":633,"date":"2019-03-22T22:57:07","date_gmt":"2019-03-22T20:57:07","guid":{"rendered":"http:\/\/www.foerderkreis-cvo.de\/?page_id=633"},"modified":"2019-03-22T22:57:07","modified_gmt":"2019-03-22T20:57:07","slug":"schluesselanhaenger","status":"publish","type":"page","link":"https:\/\/www.foerderkreis-cvo.de\/?page_id=633","title":{"rendered":"Schl\u00fcsselanh\u00e4nger"},"content":{"rendered":"\n<p>Vom <a href=\"http:\/\/www.foerderkreis-cvo.de\/?p=613\">Tag der offenen T\u00fcr<\/a> sind noch Schl\u00fcsselanh\u00e4nger mit einem Kartenausschnitt &#8222;Wiesbaden&#8220; verf\u00fcgbar!<\/p>\n\n\n\n<figure class=\"wp-block-image\"><img loading=\"lazy\" decoding=\"async\" width=\"1024\" height=\"768\" src=\"http:\/\/www.foerderkreis-cvo.de\/wp-content\/uploads\/TdoT-4-1024x768.jpg\" alt=\"\" class=\"wp-image-616\" srcset=\"https:\/\/www.foerderkreis-cvo.de\/wp-content\/uploads\/TdoT-4-1024x768.jpg 1024w, https:\/\/www.foerderkreis-cvo.de\/wp-content\/uploads\/TdoT-4-300x225.jpg 300w, https:\/\/www.foerderkreis-cvo.de\/wp-content\/uploads\/TdoT-4-768x576.jpg 768w, https:\/\/www.foerderkreis-cvo.de\/wp-content\/uploads\/TdoT-4.jpg 1200w\" sizes=\"auto, (max-width: 1024px) 100vw, 1024px\" \/><\/figure>\n\n\n\n<p>Schicken Sie uns eine <a href=\"mailto: info@foerderkreis-cvo.de\">E-Mail<\/a>, wenn Sie Interesse haben. Gerne k\u00f6nnen wir einen Anh\u00e4nger per Post verschicken oder an der Schule zur Abholung hinterlegen. <\/p>\n","protected":false},"excerpt":{"rendered":"<p>Vom Tag der offenen T\u00fcr sind noch Schl\u00fcsselanh\u00e4nger mit einem Kartenausschnitt &#8222;Wiesbaden&#8220; verf\u00fcgbar! Schicken Sie uns eine E-Mail, wenn Sie Interesse haben. Gerne k\u00f6nnen wir einen Anh\u00e4nger per Post verschicken oder an der Schule zur Abholung hinterlegen.<\/p>\n","protected":false},"author":1,"featured_media":0,"parent":0,"menu_order":0,"comment_status":"closed","ping_status":"closed","template":"","meta":{"footnotes":""},"class_list":["post-633","page","type-page","status-publish","hentry"],"_links":{"self":[{"href":"https:\/\/www.foerderkreis-cvo.de\/index.php?rest_route=\/wp\/v2\/pages\/633","targetHints":{"allow":["GET"]}}],"collection":[{"href":"https:\/\/www.foerderkreis-cvo.de\/index.php?rest_route=\/wp\/v2\/pages"}],"about":[{"href":"https:\/\/www.foerderkreis-cvo.de\/index.php?rest_route=\/wp\/v2\/types\/page"}],"author":[{"embeddable":true,"href":"https:\/\/www.foerderkreis-cvo.de\/index.php?rest_route=\/wp\/v2\/users\/1"}],"replies":[{"embeddable":true,"href":"https:\/\/www.foerderkreis-cvo.de\/index.php?rest_route=%2Fwp%2Fv2%2Fcomments&post=633"}],"version-history":[{"count":1,"href":"https:\/\/www.foerderkreis-cvo.de\/index.php?rest_route=\/wp\/v2\/pages\/633\/revisions"}],"predecessor-version":[{"id":634,"href":"https:\/\/www.foerderkreis-cvo.de\/index.php?rest_route=\/wp\/v2\/pages\/633\/revisions\/634"}],"wp:attachment":[{"href":"https:\/\/www.foerderkreis-cvo.de\/index.php?rest_route=%2Fwp%2Fv2%2Fmedia&parent=633"}],"curies":[{"name":"wp","href":"https:\/\/api.w.org\/{rel}","templated":true}]}}