{"id":349,"date":"2015-12-15T15:07:16","date_gmt":"2015-12-15T13:07:16","guid":{"rendered":"http:\/\/www.foerderkreis-cvo.de\/?page_id=349"},"modified":"2017-04-15T21:10:01","modified_gmt":"2017-04-15T19:10:01","slug":"unterstuetzer","status":"publish","type":"page","link":"https:\/\/www.foerderkreis-cvo.de\/?page_id=349","title":{"rendered":"Unterst\u00fctzer"},"content":{"rendered":"<p>Wir bedanken uns bei Unternehmen und Privatpersonen, die mit au\u00dfergew\u00f6hnlichen Sach- oder Geldspenden den Verein und die Schule unterst\u00fctzen:<\/p>\n<p style=\"text-align: center;\"><a href=\"www.acg-gmbh.de\"><img loading=\"lazy\" decoding=\"async\" class=\"aligncenter wp-image-521 size-full\" src=\"http:\/\/www.foerderkreis-cvo.de\/wp-content\/uploads\/acg-logo.png\" alt=\"\" width=\"165\" height=\"86\" \/><\/a>Inhabergef\u00fchrte, mittelst\u00e4ndische Unternehmensberatung aus Frankfurt am Main.<br \/>\n<a href=\"http:\/\/www.acg-gmbh.de\/\">www.acg-gmbh.de<\/a><\/p>\n<p style=\"text-align: center;\"><a href=\"http:\/\/www.schultopf.de\" target=\"_blank\"><img loading=\"lazy\" decoding=\"async\" class=\"aligncenter wp-image-353 size-full\" src=\"http:\/\/www.foerderkreis-cvo.de\/wp-content\/uploads\/image001.png\" alt=\"Schultopf\" width=\"292\" height=\"112\" \/><\/a><\/p>\n<p style=\"text-align: center;\">Hochschulanzeigen f\u00fcr Sch\u00fclerzeitungen, Jahrb\u00fccher und Abizeitungen<br \/>\n<a href=\"http:\/\/www.schultopf.de\" target=\"_blank\"> www.schultopf.de<\/a><\/p>\n<p style=\"text-align: center;\"><a href=\"http:\/\/www.anke-teigeler.de\/\" target=\"_blank\" rel=\"attachment wp-att-365\"><img loading=\"lazy\" decoding=\"async\" class=\"aligncenter wp-image-365 size-full\" src=\"http:\/\/www.foerderkreis-cvo.de\/wp-content\/uploads\/logo_anke_teigeler.png\" alt=\"Anke Teigeler\" width=\"200\" height=\"106\" \/><\/a>Psychotherapie &#8211; Tanztherapie &#8211; Authentic Movement<br \/>\n<a href=\"http:\/\/www.anke-teigeler.de\" target=\"_blank\"> www.anke-teigeler.de<\/a><\/p>\n","protected":false},"excerpt":{"rendered":"<p>Wir bedanken uns bei Unternehmen und Privatpersonen, die mit au\u00dfergew\u00f6hnlichen Sach- oder Geldspenden den Verein und die Schule unterst\u00fctzen: Inhabergef\u00fchrte, mittelst\u00e4ndische Unternehmensberatung aus Frankfurt am Main. www.acg-gmbh.de Hochschulanzeigen f\u00fcr Sch\u00fclerzeitungen, Jahrb\u00fccher und Abizeitungen www.schultopf.de Psychotherapie &#8211; Tanztherapie &#8211; Authentic Movement &hellip; <a href=\"https:\/\/www.foerderkreis-cvo.de\/?page_id=349\">Weiterlesen <span class=\"meta-nav\">&rarr;<\/span><\/a><\/p>\n","protected":false},"author":1,"featured_media":0,"parent":0,"menu_order":0,"comment_status":"closed","ping_status":"closed","template":"","meta":{"footnotes":""},"class_list":["post-349","page","type-page","status-publish","hentry"],"_links":{"self":[{"href":"https:\/\/www.foerderkreis-cvo.de\/index.php?rest_route=\/wp\/v2\/pages\/349","targetHints":{"allow":["GET"]}}],"collection":[{"href":"https:\/\/www.foerderkreis-cvo.de\/index.php?rest_route=\/wp\/v2\/pages"}],"about":[{"href":"https:\/\/www.foerderkreis-cvo.de\/index.php?rest_route=\/wp\/v2\/types\/page"}],"author":[{"embeddable":true,"href":"https:\/\/www.foerderkreis-cvo.de\/index.php?rest_route=\/wp\/v2\/users\/1"}],"replies":[{"embeddable":true,"href":"https:\/\/www.foerderkreis-cvo.de\/index.php?rest_route=%2Fwp%2Fv2%2Fcomments&post=349"}],"version-history":[{"count":16,"href":"https:\/\/www.foerderkreis-cvo.de\/index.php?rest_route=\/wp\/v2\/pages\/349\/revisions"}],"predecessor-version":[{"id":528,"href":"https:\/\/www.foerderkreis-cvo.de\/index.php?rest_route=\/wp\/v2\/pages\/349\/revisions\/528"}],"wp:attachment":[{"href":"https:\/\/www.foerderkreis-cvo.de\/index.php?rest_route=%2Fwp%2Fv2%2Fmedia&parent=349"}],"curies":[{"name":"wp","href":"https:\/\/api.w.org\/{rel}","templated":true}]}}