{"id":12,"date":"2013-06-10T19:50:44","date_gmt":"2013-06-10T17:50:44","guid":{"rendered":"http:\/\/www.foerderkreis-cvo.de\/wordpress\/?page_id=12"},"modified":"2025-09-15T19:17:52","modified_gmt":"2025-09-15T17:17:52","slug":"mitglied-werden","status":"publish","type":"page","link":"http:\/\/www.foerderkreis-cvo.de\/?page_id=12","title":{"rendered":"Mitglied werden"},"content":{"rendered":"<p>Unabh\u00e4ngig, ob Sch\u00fcler, Sch\u00fclerin, Erziehungsberechtigte einer Sch\u00fclerin, eines Sch\u00fclers oder &#8222;Ehemalige&#8220;, Sie sind bei uns im F\u00f6rderkreis herzlich willkommen.<\/p>\n<p><a href=\"https:\/\/web.meinverein.de\/profile\/89578\">Hier finden Sie die M\u00f6glichkeit<\/a> Mitglied zu werden oder direkt online zu spenden. Oder scannen Sie den QR-Code mit ihrem Handy:<\/p>\n<p><img decoding=\"async\" src=\"data:image\/png;base64,iVBORw0KGgoAAAANSUhEUgAAAJQAAACUCAIAAAD6XpeDAAABNmlDQ1BJQ0MgUHJvZmlsZQAAGJV1kD1LQmEYhi9LMEWR0qGgweEMDRYSBq1qIEGDWEHWdM7xK\/Dj5XikGtpya2gK2qKlrSmqf1EQNER\/oC2imnteTdSiB27ui5ub9+MBz4upVM2bgHrDdfLZdGyrsB3zveInTIRJ4qbdUqlcbg2Zvo\/O1xMe7Y\/z+qzq4VRwJnB6d2V0VkK+5Mff\/sj4i6WWLf4mMmzluOCJCuf2XKW5KBx15FHC+5orPT7WbPX4vNvZyGeEr4XnrCGuDHG91rZ\/7tUvDpYam+viE6JZWuTJkv6nk+x2MjRRHOCwS4UqLjFSkihqlIRXaWCzQFx4kYRoSe\/z954GWfMClj9h\/GSQWWdw24Hp50FmyB\/DR3Bzr0zH7EZe0Vi5DO+XECpA5AECO\/3FfgMRS1A64CoUEgAAADhlWElmTU0AKgAAAAgAAYdpAAQAAAABAAAAGgAAAAAAAqACAAQAAAABAAAAlKADAAQAAAABAAAAlAAAAACaf6m9AAAanklEQVR4Ae2d2XIrRw5Ex1vcsP\/\/W+3wPkc6nryY2ljVomQqgv1QgUYlEgmgq0la9sw3f\/\/993+e1+fswLefU\/ZT9UsHnsP7xM\/Bc3jP4X3iDnxi6c+T9xzeJ+7AJ5b+PHnP4X3iDnxi6c+T9xzeJ+7AJ5b+PHnP4X3iDnxi6c+T9xzeJ+7AJ5b+PHmfeHjfn2r\/9ttv8yfAb775BhvPX3\/9dcoTPCR\/\/vknqx4MCeNn97vvvquABs8uHqL++OMPYIjBDv+mIT8rFXnFE2E1LymAZQtb2ZvpehjpKn8P6D3HRaKSNFxR\/5bJ9YLwSGgibpnNEBYnNRuFKowLk0tUZiDVorQP6EMKnBnHJw8idLvSJoqkQtdZjiM\/VOmLT6KeGYmjAgNAJdoz\/MxvrCR5LtfPwbv2Yaaz+q8Mz9cULLTJp952V96btpXPYOx+\/\/2LtjqbITiHAzxifvjhhyEszlleEoUKcJ6GBPbGB\/ShT1o9x8PLwGjTL7\/8knfarCk1WbVnDzU8NuX333\/\/8uWLD0cNbOzkpfVyEhJVDZjb2Rafl5GUsxtPz\/Pefegz9p7j4UkR6b5t6OCizj7r2pOBOUhT1GNRw7Objs\/GY1SGXUmw0e+WPK6zpIl91z4ky8w4Hp4VsnKlTWncLM2RP+1L78g1Y\/ChUYmDvCaGWKk0TI1Ho8+upJcuvFsf+qSN5\/jbJvEWSY\/QzW0OSkN97VZamOmaYzDdgs3+EgLy2uQgN4skST2bnGLetQ+LerN1fPKIbEryqb\/ZNQCM+SbMB0J92pmNH2Y4yZgua4BvmHPb5JUz\/OzCn6lzC8BLBlfxzfqufWhyDW+vnLwh0Qc485TQXNI1vTsSAAPhDsYDdOHkHWV8D\/CVk\/ceOm5y2mvPBI2uh+NmbA9gbFxwwiNbZomhhygn2oc\/iOfhhkdPh62xj+z68uSHxBC245RBZE4z\/Iwt4cqonmw9jvFww6Ozw+5kqLRbTIwhfuF0YIz\/p59+4uedSDhzzpIrngXbv7j1cMNL45qm0Me84tLuBrN\/CxUjzEqg\/BgKcH2evP2WrpD20TOXRtP9Vcx8j9lw1VMOv+dMw3R4NOZM\/+bOZ\/q2aXNpOg1lbFzYF5rnPAiX0Leotk4AMj\/y5Cj8I16bfjil0XTETg37Loz1ZTivlx7MBb7fEs9KuFc8oYqHcDCVpGIUjKfBVPyOfdSHHcKPOHm+nfI4LyaH4nudAA8N7U7rQ+5RY8sJiVw0S0lSZagL\/GzrqA8zkup\/95OXysnq\/NbPrxjBxNosSarum3aNrZza0HKJwcgge1rxrhdkhNBYa5dt3YcELoy7DW8mBaGm3\/x7G0UmhMBa7bCMRd7aayZEOB6dRHEOOIL5vTjjEQ8yqgwciongfjfhm33oGXrP3YbnO6FPkKag3kasi6ebwqBKLB673\/PP8tKj9CuxeMLpJxCEGgE3KYKH8Oeff+avmOAbTL2d6QnPZh8q58y+2\/Airslkv5quNZh6mzlJ6DrrLIHrvACcXD152MkCwHbPeHyS2CWKsbHOkFYx2z3tg2zr9W7Dm6WxeJ9WC5iVJwMYQzRY8ePRmGXp\/QnRCKc8DgynQ3XtSfDUvJIMYTedxu734SYhgI\/4tmn9NIgC1pN7EfT6b+0JJlB87eBOVWAMIRwDTscjuatb+LnWqux4SC6IUbOBpINqnXGzxusnTxGbaYYwmsIJSBl2mVv9VIiH295f\/\/1Mw1lfhvB66TEjDreqU5vV7OFPRv2sjg0DNqjkBFbLwd946u6OPezDTuA\/v3V2oGJqF\/aj1sj0BVjl3\/FTOd0nkA7myw4e+y6hw1DDKX\/wGDMemd++1np32K6fvB32Bcan1dbQawztU7+xJMIg1volGWaf8ZOd2FcV\/wxJz5Dkjs6Znp0Ux8OzxTvUawy9FtD87jn1U3xCIFRe9TQystXkFcb88GPXnjYM3r53H4ZJG+fxa\/P0aDf5cpvi6aadymeMmE1\/YESFs04UZ33dRUACzQvMzx4AMQKWvPJ8WB+qhsY+Hl4Tf\/mW3tEvV4cn1amfKPsIm1c8EuKsTZ\/xAxPPih5ugxzyBPxGI1nIWPuwQ\/uvDa+Ks4DaPnd3\/GCsGYN\/\/MFKLB4NbGjr8GZ5gXGJT2wFszvjqbC32OR9VfH1MVqz\/d+33jX07rv2iHPjkx7+I7+Tk8Ti4ZEhhI0x5KdrkHCFROYm9j1uh3p2El38wpJSqRbbTDyYfFrgca2P\/46UYAyE1iddWnZhFgMAO\/zBB0NsOoLtZbiBrP9z\/\/PucTcaqgGVGfkug+0nYsXLJgxaYzHqSY2\/MmtLSIr6+7WH9Z7j1yaZ7AvJ6u8qbsO+EBrMjlEbVPEzflsMkkAapyTU1tdp1Vz94GuKoV3zqo2Va1g74M3hJRdUsXeM45NHL6zBB818qNf\/UsprMRogMXZ0BGMIK5fFY0ii0fDrdGxoCI8ebqMNe6hZfwKHhuXw4LJbKyI7F7RRNQxfOJHHLiSs9lB7EZKt4+HZi8Qna0TQcYrkAQ9maKwl0ovh7y2iGn4HptNEvoWcU1LbccUr1a34NYKPoU5W32n5VwUBNEnxrIsKZzXUj2f4u7Mie\/v4ZNSmRGudqL0jU4w+K56IbnahSmCMiolTI02nlT\/++KMPDcK4kiIYPHlVwln9Pis1kTYhGRJ2HbwAMtZ\/\/zMMCCCQVU+MADSqBsmTrkH2t1dOnvlU42pV+EkfNYjo88UzKwZAAqFiQpALHvK7a1KbpV2j4NSJvJlfQORVAw25JYU12mii2M0KDP6Adwz1RBUhNd2a4Xh4pFG3BisJbAqGfbc8bhcdWcjKYyF55en5FZNnSFryRpKGsF5z\/As9CpBTWJ48DC5VrRlmuwpwYMiTcAZu\/F+\/IjYbs1uTpTskA5kRYuPhFgCXuzOqoZ8QY60EjBlj9Pz2LunqPATjYVcGpfb+oZg4wYdEBrY0YDbj\/okJrUblIVGzu7g9PnmpAVIyKd30taqIsGy2BCsFm4tq6TuE9fdNKhHDWmkNly1UMFR+7USp0OEZEjzkIakAnf0qnnC2WBOi39s4wWijxJBhvX2Wfc\/xFxaEqpU1Dar58DMSMfhjYKfgWiH+eptSMfLlgsDk2uQPJwZdy22VWvUMARXc2MjgwskabdzKw8rlzAwUrM2WRrPC80L6v0eq2e1vj08eFOZWHJlMWQuoaWyQa8VYmEKraJEwYOjHroGVXJhKWBewRMnvuoNPYG8M+yDsZQKvnYk2MrKFk9W6qq1HTJ9o5jn+zIMoL3fSc8jWXUMWgHoWDcfPpb\/u4oSWS8XEci2qAg+gMkTesOZT\/Gv+wbLoA2KSGjHUgn7ycvX1sgWgaq7h4RkbA11LV9rKO43PqmDDDgCV8ccATIgwMPGjVVu2OqeKucyPmGiGJJwzPQFoEDu7lNT0IeG\/\/fZb\/e0Yf1Nv6gJMSGA7xpXXJvmoxwfE1pApIhqjAgghULD+2tmcSDCQCHOtE93kb2C5nekJoDFmpSmy74NSiaKcrHDO6hVvWwyRuZExvL3yhSVEtbCktJ7cBoxRnTXWwtylAG4BU1X9h8iOVhIfgsqsPeSvHQRW8w7xDW3FNFu5rZxxYtTYiqn1zjCVZ2Zf+cyrDwu8HsFZggBQr1DD8Tsk\/HhSg05uMfBbc0KGWRTQ8w\/BCz0z\/MyvKqQqMn2odRGbx676U28AKVbYLGn1Xzx5KkY0V9UBNR6Pv2m4zRgqEhu5bEklGHst3XTAuLBNl0RNXv3NSiAew2Hg0pPeZVd53ELLYLjlYxKw5czwEDYZ17dmNylZcruOcvf45CGaSCRam8nWHTfEsmttRknFLlfdbdQLBmPvRMrcINe3M\/0QvkoY\/JMUjxR5AUAehhl+LeCOu8dfWFLDZhPFu9ZeYzs2VnZvliTe3smGvRPYMNfYygnMB0JVPiVOiy0NY+Nc4Juk73R7PDwKri1LVfiHEvXz5kkUD3JutQ307WRHeip7Gr+wWVJgM56ZfkIUgEFRnrZK0v+9bYivIVH7TsbqTTVMyQzSsjyDeKyWENRTVV8DxfvftzW0BNa\/wzW7uSVXxh\/yKqbJG21h0OBza6ifcC4w\/G6r\/zuiCU8uHzhIhviQJ3BtSALGJ2Yme0hy5eSZzzSuaWufw2KAEeVQE6KTENoRO8U0VPgNFOC66NSMJ02XzRX9ufUp1CMJWwGgiiqija0GP8ubkDsax8OjDFumwYqaRRMFqLjCtNM7AYvKwSeXqQmJYfjOmhANVqJCjgCujEd5APQAxqMTGP5X+AC\/o+TtmPEH1YLXpiPagq3EFsyirBy8BQfsM4tTEplnJEaBxAjVOmRIZchQv1ukUKfyIDG1IUqVeYYf5n0P5\/HJU4QVpk6dthXbaoPMkPSkZm5loC9c9sVVZF0BeIsBQ26rBmPZRQAA9WDwcYvNM5RXnAwi9YcQA0+9BabUqge7lsmtzyiByVtriY2BjHrb0O7fHp+8BXWKRH2Kn+EFA7ODFtO0YxZb\/TAQywWPSUNS9RCSkzTzV9q32JX\/Zh\/ekujiyetT0jI66Kr6HlM9IvFggLfIncBKom0sK+HRkC38OROJxTn0B3DZOO3D5UQE3m149p02oV5BPOl2bagPfJAAaDqrlQ\/xCydZPFWQaDAY8Xj8Z1qslWHmrxjtUPVbQ89pH4Ykm867Dc\/ukzW\/5xaTA5a\/GGAnlsrzctssgFhD+t9n+NGA\/9dff7Wncs78w4zrKvqQ1LLZh55h33O34dkdpPs6Yk0ZQzXgfaiFuV47efAT7ghlgBn+2nd2zbjwD3Uqcrg1dMKvHgIRwLruw5Bk03m34dV3oAWsFYAXpmH4TmBDa3NZuTKt9Et\/aG\/6G\/ILt6d9uJAiIff8tmnv6BQtI0EtI\/li2FCQGCBt6zoksY0hFQzm9QiKwTnUM\/M3zNduj\/pwLYVRF08ebbJZaZmNk7TaeCiGhoJ0lwnRUNuXsRmCk0tYszac2e399u6UJ4QEqlad+DVI1HDGX39HqkcweK54kqIa7lbPvn188lAMO5oinVuffQyk4Ge3Oj0KvV8qQpxl6iT2va+hTpIO\/VZnyQCirfpxpkzsWX8Sexfj+OSh2AIwMg\/HoOgUKTIVsiseAHZ27ddditknQQMXesgeJYT3fp0qt5aahXAuzzoGW7JpGIWNUaPuZR8PDx21hihGEI+eZWDn3RXdvFsA8MVd6fqbEG5p31FtCjgKaZISa9KZHwDlpJAKI7D5HTnrz0znab210n\/eyNW1tmsZEVQVN\/+9Wo+pxZOL2\/r3PG6HAlIkhGgIbfxNVAAz\/0xn4094frfFk0Jq+bP+EJ7AauSZqM5Ne8y4CCaZ\/bI7rjmL3NrZ9Fd8omBmi1WP4XQBTu3ZMGaSjJrtzvy9TpEzv\/IsKgotxEBK8IWZShXmmnfpTM81\/\/WTh6D8UxIUZ37oSHnYqlechdVd\/dVT8e42K4A8Gc3Wzm3ln+Wt\/spZY\/Xj4aq1o40y2W36Uye95qy7a\/ue3zYVnWIit\/prX3xDgtdZW7AW\/cbdqgeqoc7qF4A8pOI3XA0ob\/zu4sfI1juVdnzyavctwNXCYke95VEJhq9HVtpR\/YnFGbuSY+tnBePVIHHKXwN7PLAEatPZOo8anrwayE5sDLegcloYDYO34DPOisGGFuXI8LuPsCFJ4zw+eU18c6tExeVxszVs6fdBJjB+kGxx1Y40zILBWJvIpGjAIe\/xysBPrCQy9ww7HhgIhw3wQoxUApRkav1MDmOfxyjW4y8siRwaKIs4u8Nt+uXJ0OOu6077RJIUI3UuAhd4G8cKRrWuw4rWTgKNlU3mYYiaXckbjDYkeNzVDmBhfGVZgDa3fIIE58XoLVV54OwXK0JxOs6ELBI1hRHLVbvQxC7wOfq0CQHwAG7Cd24X9fbhFp7UAAwnNZd9cO1jp57XJhwsM6JQNP9dGvgojoEzeF70+eW+eOjqnBJb20csXcjWDJ8UJCV18DfrgjyxVX9f74xKPz\/4hv8dHrUopqqKvKFx59cmOZhQVuT6WKlbv11wxcOWT5y2yH5N74S51gk1IWs8Y3DwVUbDsHOLjL7eYaBSyZsQHwUFRC2x9REfUsV55+EhiKseCDLhcUWiiSkgxeCpfgH9Cl6YhuEJ3Mc7dVautEmFPclNz0u1Xb3DqCpV8cK0VQJGwiFD77znZ576aEoVhJrXRg2+lTljdsGgrJbUC5UcJAZIotYhC7yJFAZJ86j1qWeeYb0zMH4nFPGG4688tmJBUrdW384rLvYRO1F2OeExZjzpKUhtqqU8eFitnI8NbHpB32d+wg2EBJgrIRjRUI0ZjxpEaktbY99iz\/qzw\/lww0O0\/WX1kbSMWqSAtb8WP4vdxAz11Ni32FXbKc+dP\/NO0w\/x1sPKM+4IMy2cXL5\/MBL+6v4\/vx4CuTx5GDUksdXoeTz0YNiqeuqDVRk+0j4eHi24i74ZDz3yfUgW+46RpuPxnyGxVhm9X34C\/VsMfZdQf42tds\/D7lDPjCdSKy32DN\/Ajm5vP4wN3UxcA8vtTPSMh065xe+w5r+T4wB55njqHYZZhn7ypukxwM9ODPghD4mGemb6q7A0YZ23wo7shzt5qreV1oxNp2iKkxNAo23rzA8MjGDCiWVsUHHp7NchvzCiZJNEPT3DwrPIu4habx2fvDXd23drkf3TjYerf7p7PzxSsdbTBnIhcsgT\/DpWmEkTEmMnNuBN456\/8zZT3oQ5G7pgwTlABOL0wGHXkfR+w2HwrIDvR94r6XkSKCG3VU\/P8JGe49dmeodK68FT+3iqHhLawZpA2eh7324zsjXbhaSPCjMGDApOXrLzwqwCKh67qc63K3gMYmHzOxQwbPxok0HbdA3nXW6\/ZtqkQxAXYNamqk2GBgZPHZ7kDYbbtABj9q9f1Ch4pGKd6UyXCRRcGRobwExnwzPMWzEN8+Xb45NHJnWw+qDRmkWDLitrAs2CE4O8asBoYPV2qBMnF4K5HAYGnhq4Y5uaWMBq0+ZWNtbanx3OU8yV4fm6IJP1KzfSNxWc9otG0KOQp2uL+S10kr35\/RfmTSNi4OEhyF+1CB\/m3aQ9gh0\/dDTLvje\/wy4MQ6E+AZl9jKYMGpQ5BYMHf4P0dqaT2DQ3xpChcRLoSW38vglwsgvhLG8TdZfbKyePxFaC4RuDyaWzd5HVk6QpTs41j3+P19PrxJ95I5t2W8JNqiZFolTCLlTB9Hnfoz\/HJy9aEXp62lIbRniss95WWGw6bv10jUNvr\/FkEkFqhJDbqhO\/W6xHAwNPLmObXA4ytNmteeO8o7H6wJ+lsYloVdysfbPwa36TkhHDZsGz7v5Qp7LhCYmwC6rMrqQ61GHeC\/w3Q668NpuW+bqo6odZAcye3Iq3uXq0nVb1VIx+OojTC1un43GLVZ0YEgJWD6tbGiIDgyoCnAoeYgGYpV\/rULMLHj8MGPXvkQFETzw3jSsn7ybpWwDU5gysE6rmWWnI3SUkrQFALBcGbBhsAQiVISbCmc+qPIVsBRxDKrUJYOvoUpJSCeRZOQrvwVdOXs9yX4+tSbPS+mEWOiK+H1IGVjE4wTsDT54eyDXMy8olDEMGpz6Usel8Zf36DiDqLZyPODxOgE8lvdOg5ll3KJ7OZlekntoXqGqngA1\/55kRAfxDHDklQUY9oE49SfcN+Id\/j9xnqMiHG14G1vyOrKKrnW+eODNjO56hOjkAHiAfDsbz5csXH45KmEdHI5wg\/e8InVwfWEmGNiFwIrj+78JE2zBk7Xy44Sk3I2QM2HQwk2jqEYDTLrsK1rY7rjlGkgCgm5XB6brreCIAp2OrtCI3V3IFCVXNFf+R8XDDszWsXKnW1g8LowWORIMVWDzaDSbjFAaGXJI7MPB6WCWss694o\/ZXCMNJ1KKuHc6vnxY76I\/BpF\/USUYbOkvtAOgCRpqOwUWInWIr3cd46d\/od54hUokxSgF4vBU207P2w0A4VMDy6KxDFrsfcfI4QNRv5Ype1G9hwDAIrLeQ5CwCgGRRv23K2OTBGUJTqCc2hjZIYtVZk7LbJG10vhJ8\/eLKroVnZgCUsdYvz3r9iJPnk5s+2pG1rOGuTcwAbKJs9Mhe2Cm3XN3Cz4U9ZI4TwBt1zvTArAYAylBeUl8w3v3kWQy6EWdftE+1GkvZXNaPAVV6jZG+YGi7srWZzv6CTxYYNmOFzfSwC6crnFG+r62XcbfhzUYScf3fvXo1C49NJIsvz\/wOw58UhCsDj876puXgcjvTSWwDDttCVb810wNSAdKSC8Nx9iSbnrsNTzV91jSLbjqA2qMeP\/OEJy3Q4DevtAQGgyd9Id3m7zMIIeGxqP+\/5+GZCWv8hA\/1oM0WNb9fo7nh2bm92\/BmIpgZW64Kskc74irGeTRTARCPAlxJZ0ZbT9fwawuozNUGg7ysdWvTnumJPEdY5W0y97C7Da+n1kMxGA5Mxev2zXiIZcvK0yC6jN8UGsLw6DSXTsKd3ywFfvBcZlnAFlszPWpAAFceX3ItqG5unX0a36QbAqKbhr5FbuYBoV2ATSe3GPjlN6MzYEunyKFCnVUnnrR4EdJvLfS4hRgkEfiWR8S810+e\/erV73voDgXYWaLoHeXltuEhnQCM+vcw8PIQC4DbGQ\/+hnPndqan5rWKYV7nRKIYSerD0fsDuGnc\/unTUMyKaWBHt7WAGf97YGYiZxpm+FNtM55T\/\/WTd5qpwecdgt8Ts9My2sTVP7PG7vM0YnLb88\/O6zX9SXQX43h4Oy3eUZamNL\/\/1vzszv4edsQzU9jzz\/Rc0z\/Le81\/\/Nrk2byWqYlKU+iCTzGfHBypGT94AfAkpHLGeZOnRlV7yL\/QY+zb81YNR\/bx8I7YF2BqZh6uDm8BbraIoqdE2dnLPA1tbiv\/TNtb9CfRG41\/bXhVt43IWaxbjc20uNYN3eFpaHO75g+sMfb1N4FvvP2I33kzidTMlsPY7DiwHDjDYbjAM5M05J+B75h3lmLtf4iTt5b43J114N88eTNNT\/9mB57D22zUI8Kew3vEqWxqeg5vs1GPCHsO7xGnsqnpObzNRj0i7Dm8R5zKpqbn8DYb9Yiw5\/AecSqbmp7D22zUI8Kew3vEqWxq+i8dDAQwJ2Z3AQAAAABJRU5ErkJggg==\" \/><\/p>\n<p>Wir freuen uns aber nicht nur \u00fcber Ihre finanzielle Unterst\u00fctzung, sondern auch \u00fcber Ihre aktive Mitarbeit, wenn Sie das m\u00f6chten.<\/p>\n<p>Um Mitglied im F\u00f6rderkreis zu werden, drucken Sie bitte die <strong><a href=\"http:\/\/www.foerderkreis-cvo.de\/wp-content\/uploads\/Beitritt_KF-CvO-2022.pdf\" target=\"_blank\" rel=\"noopener\">Beitrittserkl\u00e4rung<\/a>\u00a0<\/strong>aus und senden sie ausgef\u00fcllt an:<\/p>\n<p><strong>F\u00f6rderkreis\u00a0CvO<br \/>\nCarl-von-Ossietzky Stra\u00dfe 2a<br \/>\n65197 Wiesbaden <\/strong><\/p>\n<p>Oder einfach als Scan per <a href=\"mailto:info@foerderkreis-cvo.de\">E-Mail<\/a>.<\/p>\n<p>F\u00fcr \u00dcberweisungen der Beitr\u00e4ge oder Spenden finden Sie hier die die Kontoverbindung bei der Wiesbadener Volksbank.<br \/>\n<strong>IBAN: <\/strong>DE90 5109 0000 <strong class=\"ng-star-inserted\">0070 5236 04<\/strong><br \/>\n<strong>BIC:<\/strong> WIBADE5W<\/p>\n<p>Der j\u00e4hrliche Mitgliedsbeitrag kann nach oben von Ihnen selbst bestimmt werden. Der Mindestjahres-Mitgliedsbeitrag ist:<\/p>\n<ul>\n<li><span style=\"line-height: 13px;\">F\u00fcr Sch\u00fcler und Studierende: <strong>15 Euro<\/strong><\/span><\/li>\n<li>F\u00fcr Eltern, Ehemalige, Erziehungsberechtigte etc.:\u00a0 <strong>40 Euro <\/strong>oder mehr<\/li>\n<\/ul>\n<p>Die Mitgliedschaft kann befristet oder ohne Angabe von Gr\u00fcnden zum Ende des laufenden Jahres schriftlich gek\u00fcndigt werden.<br \/>\nM\u00f6chten Sie sich pers\u00f6nlich bei uns \u00fcber die Aktivit\u00e4ten und Arbeiten des F\u00f6rderkreises informieren, so stehen wir gerne bereit. Kontaktieren Sie uns dazu gerne via <a href=\"mailto:info@foerderkreis-cvo.de\">E-Mail.<\/a><\/p>\n","protected":false},"excerpt":{"rendered":"<p>Unabh\u00e4ngig, ob Sch\u00fcler, Sch\u00fclerin, Erziehungsberechtigte einer Sch\u00fclerin, eines Sch\u00fclers oder &#8222;Ehemalige&#8220;, Sie sind bei uns im F\u00f6rderkreis herzlich willkommen. Hier finden Sie die M\u00f6glichkeit Mitglied zu werden oder direkt online zu spenden. Oder scannen Sie den QR-Code mit ihrem Handy: &hellip; <a href=\"http:\/\/www.foerderkreis-cvo.de\/?page_id=12\">Weiterlesen <span class=\"meta-nav\">&rarr;<\/span><\/a><\/p>\n","protected":false},"author":1,"featured_media":0,"parent":0,"menu_order":0,"comment_status":"closed","ping_status":"open","template":"","meta":{"footnotes":""},"class_list":["post-12","page","type-page","status-publish","hentry"],"_links":{"self":[{"href":"http:\/\/www.foerderkreis-cvo.de\/index.php?rest_route=\/wp\/v2\/pages\/12","targetHints":{"allow":["GET"]}}],"collection":[{"href":"http:\/\/www.foerderkreis-cvo.de\/index.php?rest_route=\/wp\/v2\/pages"}],"about":[{"href":"http:\/\/www.foerderkreis-cvo.de\/index.php?rest_route=\/wp\/v2\/types\/page"}],"author":[{"embeddable":true,"href":"http:\/\/www.foerderkreis-cvo.de\/index.php?rest_route=\/wp\/v2\/users\/1"}],"replies":[{"embeddable":true,"href":"http:\/\/www.foerderkreis-cvo.de\/index.php?rest_route=%2Fwp%2Fv2%2Fcomments&post=12"}],"version-history":[{"count":36,"href":"http:\/\/www.foerderkreis-cvo.de\/index.php?rest_route=\/wp\/v2\/pages\/12\/revisions"}],"predecessor-version":[{"id":778,"href":"http:\/\/www.foerderkreis-cvo.de\/index.php?rest_route=\/wp\/v2\/pages\/12\/revisions\/778"}],"wp:attachment":[{"href":"http:\/\/www.foerderkreis-cvo.de\/index.php?rest_route=%2Fwp%2Fv2%2Fmedia&parent=12"}],"curies":[{"name":"wp","href":"https:\/\/api.w.org\/{rel}","templated":true}]}}